{"id":4498,"date":"2023-05-24T10:37:46","date_gmt":"2023-05-24T10:37:46","guid":{"rendered":"https:\/\/bistrosenzill.com\/desayunos\/"},"modified":"2023-06-30T08:24:30","modified_gmt":"2023-06-30T08:24:30","slug":"fruhstuck","status":"publish","type":"page","link":"https:\/\/bistrosenzill.com\/de\/fruhstuck\/","title":{"rendered":"Fr\u00fchst\u00fcck"},"content":{"rendered":"\t\t<div data-elementor-type=\"wp-page\" data-elementor-id=\"4498\" class=\"elementor elementor-4498 elementor-4467\">\n\t\t\t\t\t\t\t\t\t<section class=\"elementor-section elementor-top-section elementor-element elementor-element-321b7cbf elementor-section-full_width elementor-section-height-min-height elementor-section-height-default elementor-section-items-middle\" data-id=\"321b7cbf\" data-element_type=\"section\" data-settings=\"{&quot;background_background&quot;:&quot;slideshow&quot;,&quot;background_slideshow_gallery&quot;:[{&quot;id&quot;:4557,&quot;url&quot;:&quot;https:\\\/\\\/bistrosenzill.com\\\/wp-content\\\/uploads\\\/2023\\\/06\\\/bistro-senzill-desayunos-91.jpg&quot;},{&quot;id&quot;:4551,&quot;url&quot;:&quot;https:\\\/\\\/bistrosenzill.com\\\/wp-content\\\/uploads\\\/2023\\\/06\\\/bistro-senzill-desayunos-16.jpg&quot;},{&quot;id&quot;:4548,&quot;url&quot;:&quot;https:\\\/\\\/bistrosenzill.com\\\/wp-content\\\/uploads\\\/2023\\\/06\\\/bistro-senzill-desayunos-5.jpg&quot;}],&quot;background_slideshow_loop&quot;:&quot;yes&quot;,&quot;background_slideshow_slide_duration&quot;:5000,&quot;background_slideshow_slide_transition&quot;:&quot;fade&quot;,&quot;background_slideshow_transition_duration&quot;:500}\">\n\t\t\t\t\t\t\t<div class=\"elementor-background-overlay\"><\/div>\n\t\t\t\t\t\t\t<div class=\"elementor-container elementor-column-gap-default\">\n\t\t\t\t\t<div class=\"elementor-column elementor-col-100 elementor-top-column elementor-element elementor-element-c04d44a\" data-id=\"c04d44a\" data-element_type=\"column\">\n\t\t\t<div class=\"elementor-widget-wrap\">\n\t\t\t\t\t\t\t\t\t<\/div>\n\t\t<\/div>\n\t\t\t\t\t\t\t<\/div>\n\t\t<\/section>\n\t\t\t\t<section class=\"elementor-section elementor-top-section elementor-element elementor-element-f4b6c0b elementor-section-height-min-height elementor-section-boxed elementor-section-height-default elementor-section-items-middle\" data-id=\"f4b6c0b\" data-element_type=\"section\" data-settings=\"{&quot;background_background&quot;:&quot;classic&quot;}\">\n\t\t\t\t\t\t<div class=\"elementor-container elementor-column-gap-default\">\n\t\t\t\t\t<div class=\"elementor-column elementor-col-33 elementor-top-column elementor-element elementor-element-9a72909\" data-id=\"9a72909\" data-element_type=\"column\">\n\t\t\t<div class=\"elementor-widget-wrap\">\n\t\t\t\t\t\t\t\t\t<\/div>\n\t\t<\/div>\n\t\t\t\t<div class=\"elementor-column elementor-col-33 elementor-top-column elementor-element elementor-element-c812a34\" data-id=\"c812a34\" data-element_type=\"column\">\n\t\t\t<div class=\"elementor-widget-wrap elementor-element-populated\">\n\t\t\t\t\t\t\t\t<div class=\"elementor-element elementor-element-b25c59c elementor-widget elementor-widget-spacer\" data-id=\"b25c59c\" data-element_type=\"widget\" data-widget_type=\"spacer.default\">\n\t\t\t\t<div class=\"elementor-widget-container\">\n\t\t\t<style>\/*! elementor - v3.14.0 - 26-06-2023 *\/\n.elementor-column .elementor-spacer-inner{height:var(--spacer-size)}.e-con{--container-widget-width:100%}.e-con-inner>.elementor-widget-spacer,.e-con>.elementor-widget-spacer{width:var(--container-widget-width,var(--spacer-size));--align-self:var(--container-widget-align-self,initial);--flex-shrink:0}.e-con-inner>.elementor-widget-spacer>.elementor-widget-container,.e-con-inner>.elementor-widget-spacer>.elementor-widget-container>.elementor-spacer,.e-con>.elementor-widget-spacer>.elementor-widget-container,.e-con>.elementor-widget-spacer>.elementor-widget-container>.elementor-spacer{height:100%}.e-con-inner>.elementor-widget-spacer>.elementor-widget-container>.elementor-spacer>.elementor-spacer-inner,.e-con>.elementor-widget-spacer>.elementor-widget-container>.elementor-spacer>.elementor-spacer-inner{height:var(--container-widget-height,var(--spacer-size))}<\/style>\t\t<div class=\"elementor-spacer\">\n\t\t\t<div class=\"elementor-spacer-inner\"><\/div>\n\t\t<\/div>\n\t\t\t\t<\/div>\n\t\t\t\t<\/div>\n\t\t\t\t<div class=\"elementor-element elementor-element-7ac62a0 elementor-widget elementor-widget-heading\" data-id=\"7ac62a0\" data-element_type=\"widget\" data-widget_type=\"heading.default\">\n\t\t\t\t<div class=\"elementor-widget-container\">\n\t\t\t<style>\/*! elementor - v3.14.0 - 26-06-2023 *\/\n.elementor-heading-title{padding:0;margin:0;line-height:1}.elementor-widget-heading .elementor-heading-title[class*=elementor-size-]>a{color:inherit;font-size:inherit;line-height:inherit}.elementor-widget-heading .elementor-heading-title.elementor-size-small{font-size:15px}.elementor-widget-heading .elementor-heading-title.elementor-size-medium{font-size:19px}.elementor-widget-heading .elementor-heading-title.elementor-size-large{font-size:29px}.elementor-widget-heading .elementor-heading-title.elementor-size-xl{font-size:39px}.elementor-widget-heading .elementor-heading-title.elementor-size-xxl{font-size:59px}<\/style><div class=\"elementor-heading-title elementor-size-default\">Fr\u00fchst\u00fccken Sie in <br>unserem Bistro<\/div>\t\t<\/div>\n\t\t\t\t<\/div>\n\t\t\t\t<div class=\"elementor-element elementor-element-b0c298f elementor-widget elementor-widget-text-editor\" data-id=\"b0c298f\" data-element_type=\"widget\" data-widget_type=\"text-editor.default\">\n\t\t\t\t<div class=\"elementor-widget-container\">\n\t\t\t<style>\/*! elementor - v3.14.0 - 26-06-2023 *\/\n.elementor-widget-text-editor.elementor-drop-cap-view-stacked .elementor-drop-cap{background-color:#69727d;color:#fff}.elementor-widget-text-editor.elementor-drop-cap-view-framed .elementor-drop-cap{color:#69727d;border:3px solid;background-color:transparent}.elementor-widget-text-editor:not(.elementor-drop-cap-view-default) .elementor-drop-cap{margin-top:8px}.elementor-widget-text-editor:not(.elementor-drop-cap-view-default) .elementor-drop-cap-letter{width:1em;height:1em}.elementor-widget-text-editor .elementor-drop-cap{float:left;text-align:center;line-height:1;font-size:50px}.elementor-widget-text-editor .elementor-drop-cap-letter{display:inline-block}<\/style>\t\t\t\t<p>Ensa\u00efmades, Aufschnitt, S\u00e4fte, frisch gebackenes Brot, hausgemachte S\u00fc\u00dfigkeiten, Eier, Pfannkuchen&#8230; Wenn Sie ein <strong>exklusives und abwechslungsreiches Fr\u00fchst\u00fcck<\/strong> <strong>des Bistr\u00f3 Senzill<\/strong> in angenehmer und ruhiger Umgebung genie\u00dfen m\u00f6chten, m\u00fcssen Sie kein Gast im Hotel Predi Son Jaumell sein. Besuchen Sie uns einfach.<\/p>\t\t\t\t\t\t<\/div>\n\t\t\t\t<\/div>\n\t\t\t\t<div class=\"elementor-element elementor-element-272a91d elementor-widget elementor-widget-heading\" data-id=\"272a91d\" data-element_type=\"widget\" data-widget_type=\"heading.default\">\n\t\t\t\t<div class=\"elementor-widget-container\">\n\t\t\t<div class=\"elementor-heading-title elementor-size-default\">23\u20ac (inkl. MwSt)<\/div>\t\t<\/div>\n\t\t\t\t<\/div>\n\t\t\t\t\t<\/div>\n\t\t<\/div>\n\t\t\t\t<div class=\"elementor-column elementor-col-33 elementor-top-column elementor-element elementor-element-b2e7ac4\" data-id=\"b2e7ac4\" data-element_type=\"column\">\n\t\t\t<div class=\"elementor-widget-wrap\">\n\t\t\t\t\t\t\t\t\t<\/div>\n\t\t<\/div>\n\t\t\t\t\t\t\t<\/div>\n\t\t<\/section>\n\t\t\t\t\t\t\t<\/div>\n\t\t","protected":false},"excerpt":{"rendered":"<p>Fr\u00fchst\u00fccken Sie in unserem Bistro Ensa\u00efmades, Aufschnitt, S\u00e4fte, frisch gebackenes Brot, hausgemachte S\u00fc\u00dfigkeiten, Eier, Pfannkuchen&#8230; Wenn Sie ein exklusives und abwechslungsreiches Fr\u00fchst\u00fcck des Bistr\u00f3 Senzill in angenehmer und ruhiger Umgebung genie\u00dfen m\u00f6chten, m\u00fcssen Sie kein Gast im Hotel Predi Son Jaumell sein. Besuchen Sie uns einfach. 23\u20ac (inkl. MwSt)<\/p>\n","protected":false},"author":1,"featured_media":0,"parent":0,"menu_order":0,"comment_status":"closed","ping_status":"closed","template":"elementor_header_footer","meta":{"footnotes":""},"class_list":["post-4498","page","type-page","status-publish","hentry"],"yoast_head":"<!-- This site is optimized with the Yoast SEO plugin v20.11 - https:\/\/yoast.com\/wordpress\/plugins\/seo\/ -->\n<title>Fr\u00fchst\u00fcck - Senzill<\/title>\n<meta name=\"robots\" content=\"index, follow, max-snippet:-1, max-image-preview:large, max-video-preview:-1\" \/>\n<link rel=\"canonical\" href=\"https:\/\/bistrosenzill.com\/de\/fruhstuck\/\" \/>\n<meta property=\"og:locale\" content=\"de_DE\" \/>\n<meta property=\"og:type\" content=\"article\" \/>\n<meta property=\"og:title\" content=\"Fr\u00fchst\u00fcck - Senzill\" \/>\n<meta property=\"og:description\" content=\"Fr\u00fchst\u00fccken Sie in unserem Bistro Ensa\u00efmades, Aufschnitt, S\u00e4fte, frisch gebackenes Brot, hausgemachte S\u00fc\u00dfigkeiten, Eier, Pfannkuchen&#8230; Wenn Sie ein exklusives und abwechslungsreiches Fr\u00fchst\u00fcck des Bistr\u00f3 Senzill in angenehmer und ruhiger Umgebung genie\u00dfen m\u00f6chten, m\u00fcssen Sie kein Gast im Hotel Predi Son Jaumell sein. Besuchen Sie uns einfach. 23\u20ac (inkl. MwSt)\" \/>\n<meta property=\"og:url\" content=\"https:\/\/bistrosenzill.com\/de\/fruhstuck\/\" \/>\n<meta property=\"og:site_name\" content=\"Senzill\" \/>\n<meta property=\"article:modified_time\" content=\"2023-06-30T08:24:30+00:00\" \/>\n<meta name=\"twitter:card\" content=\"summary_large_image\" \/>\n<meta name=\"twitter:label1\" content=\"Gesch\u00e4tzte Lesezeit\" \/>\n\t<meta name=\"twitter:data1\" content=\"1\u00a0Minute\" \/>\n<script type=\"application\/ld+json\" class=\"yoast-schema-graph\">{\"@context\":\"https:\/\/schema.org\",\"@graph\":[{\"@type\":\"WebPage\",\"@id\":\"https:\/\/bistrosenzill.com\/de\/fruhstuck\/\",\"url\":\"https:\/\/bistrosenzill.com\/de\/fruhstuck\/\",\"name\":\"Fr\u00fchst\u00fcck - Senzill\",\"isPartOf\":{\"@id\":\"https:\/\/bistrosenzill.com\/#website\"},\"datePublished\":\"2023-05-24T10:37:46+00:00\",\"dateModified\":\"2023-06-30T08:24:30+00:00\",\"breadcrumb\":{\"@id\":\"https:\/\/bistrosenzill.com\/de\/fruhstuck\/#breadcrumb\"},\"inLanguage\":\"de\",\"potentialAction\":[{\"@type\":\"ReadAction\",\"target\":[\"https:\/\/bistrosenzill.com\/de\/fruhstuck\/\"]}]},{\"@type\":\"BreadcrumbList\",\"@id\":\"https:\/\/bistrosenzill.com\/de\/fruhstuck\/#breadcrumb\",\"itemListElement\":[{\"@type\":\"ListItem\",\"position\":1,\"name\":\"Portada\",\"item\":\"https:\/\/bistrosenzill.com\/de\/\"},{\"@type\":\"ListItem\",\"position\":2,\"name\":\"Fr\u00fchst\u00fcck\"}]},{\"@type\":\"WebSite\",\"@id\":\"https:\/\/bistrosenzill.com\/#website\",\"url\":\"https:\/\/bistrosenzill.com\/\",\"name\":\"Senzill\",\"description\":\"Mediterranean Bistro - Mallorca\",\"potentialAction\":[{\"@type\":\"SearchAction\",\"target\":{\"@type\":\"EntryPoint\",\"urlTemplate\":\"https:\/\/bistrosenzill.com\/?s={search_term_string}\"},\"query-input\":\"required name=search_term_string\"}],\"inLanguage\":\"de\"}]}<\/script>\n<!-- \/ Yoast SEO plugin. -->","yoast_head_json":{"title":"Fr\u00fchst\u00fcck - Senzill","robots":{"index":"index","follow":"follow","max-snippet":"max-snippet:-1","max-image-preview":"max-image-preview:large","max-video-preview":"max-video-preview:-1"},"canonical":"https:\/\/bistrosenzill.com\/de\/fruhstuck\/","og_locale":"de_DE","og_type":"article","og_title":"Fr\u00fchst\u00fcck - Senzill","og_description":"Fr\u00fchst\u00fccken Sie in unserem Bistro Ensa\u00efmades, Aufschnitt, S\u00e4fte, frisch gebackenes Brot, hausgemachte S\u00fc\u00dfigkeiten, Eier, Pfannkuchen&#8230; Wenn Sie ein exklusives und abwechslungsreiches Fr\u00fchst\u00fcck des Bistr\u00f3 Senzill in angenehmer und ruhiger Umgebung genie\u00dfen m\u00f6chten, m\u00fcssen Sie kein Gast im Hotel Predi Son Jaumell sein. Besuchen Sie uns einfach. 23\u20ac (inkl. MwSt)","og_url":"https:\/\/bistrosenzill.com\/de\/fruhstuck\/","og_site_name":"Senzill","article_modified_time":"2023-06-30T08:24:30+00:00","twitter_card":"summary_large_image","twitter_misc":{"Gesch\u00e4tzte Lesezeit":"1\u00a0Minute"},"schema":{"@context":"https:\/\/schema.org","@graph":[{"@type":"WebPage","@id":"https:\/\/bistrosenzill.com\/de\/fruhstuck\/","url":"https:\/\/bistrosenzill.com\/de\/fruhstuck\/","name":"Fr\u00fchst\u00fcck - Senzill","isPartOf":{"@id":"https:\/\/bistrosenzill.com\/#website"},"datePublished":"2023-05-24T10:37:46+00:00","dateModified":"2023-06-30T08:24:30+00:00","breadcrumb":{"@id":"https:\/\/bistrosenzill.com\/de\/fruhstuck\/#breadcrumb"},"inLanguage":"de","potentialAction":[{"@type":"ReadAction","target":["https:\/\/bistrosenzill.com\/de\/fruhstuck\/"]}]},{"@type":"BreadcrumbList","@id":"https:\/\/bistrosenzill.com\/de\/fruhstuck\/#breadcrumb","itemListElement":[{"@type":"ListItem","position":1,"name":"Portada","item":"https:\/\/bistrosenzill.com\/de\/"},{"@type":"ListItem","position":2,"name":"Fr\u00fchst\u00fcck"}]},{"@type":"WebSite","@id":"https:\/\/bistrosenzill.com\/#website","url":"https:\/\/bistrosenzill.com\/","name":"Senzill","description":"Mediterranean Bistro - Mallorca","potentialAction":[{"@type":"SearchAction","target":{"@type":"EntryPoint","urlTemplate":"https:\/\/bistrosenzill.com\/?s={search_term_string}"},"query-input":"required name=search_term_string"}],"inLanguage":"de"}]}},"_links":{"self":[{"href":"https:\/\/bistrosenzill.com\/de\/wp-json\/wp\/v2\/pages\/4498","targetHints":{"allow":["GET"]}}],"collection":[{"href":"https:\/\/bistrosenzill.com\/de\/wp-json\/wp\/v2\/pages"}],"about":[{"href":"https:\/\/bistrosenzill.com\/de\/wp-json\/wp\/v2\/types\/page"}],"author":[{"embeddable":true,"href":"https:\/\/bistrosenzill.com\/de\/wp-json\/wp\/v2\/users\/1"}],"replies":[{"embeddable":true,"href":"https:\/\/bistrosenzill.com\/de\/wp-json\/wp\/v2\/comments?post=4498"}],"version-history":[{"count":13,"href":"https:\/\/bistrosenzill.com\/de\/wp-json\/wp\/v2\/pages\/4498\/revisions"}],"predecessor-version":[{"id":4598,"href":"https:\/\/bistrosenzill.com\/de\/wp-json\/wp\/v2\/pages\/4498\/revisions\/4598"}],"wp:attachment":[{"href":"https:\/\/bistrosenzill.com\/de\/wp-json\/wp\/v2\/media?parent=4498"}],"curies":[{"name":"wp","href":"https:\/\/api.w.org\/{rel}","templated":true}]}}