{"id":4643,"date":"2023-07-11T06:12:45","date_gmt":"2023-07-11T06:12:45","guid":{"rendered":"https:\/\/bistrosenzill.com\/our-proposal\/"},"modified":"2025-08-03T20:45:57","modified_gmt":"2025-08-03T20:45:57","slug":"unsere-vorschlag","status":"publish","type":"page","link":"https:\/\/bistrosenzill.com\/de\/unsere-vorschlag\/","title":{"rendered":"Unsere Vorschlag"},"content":{"rendered":"\t\t<div data-elementor-type=\"wp-page\" data-elementor-id=\"4643\" class=\"elementor elementor-4643 elementor-4603\">\n\t\t\t\t\t\t\t\t\t<section class=\"elementor-section elementor-top-section elementor-element elementor-element-c5ab2f1 elementor-section-full_width elementor-section-height-min-height elementor-section-height-default elementor-section-items-middle\" data-id=\"c5ab2f1\" data-element_type=\"section\" data-settings=\"{&quot;background_background&quot;:&quot;slideshow&quot;,&quot;background_slideshow_gallery&quot;:[{&quot;id&quot;:4621,&quot;url&quot;:&quot;https:\\\/\\\/bistrosenzill.com\\\/wp-content\\\/uploads\\\/2023\\\/07\\\/senzill-bistro-platos-4997.jpg&quot;},{&quot;id&quot;:4627,&quot;url&quot;:&quot;https:\\\/\\\/bistrosenzill.com\\\/wp-content\\\/uploads\\\/2023\\\/07\\\/senzill-bistro-platos-5009.jpg&quot;},{&quot;id&quot;:4624,&quot;url&quot;:&quot;https:\\\/\\\/bistrosenzill.com\\\/wp-content\\\/uploads\\\/2023\\\/07\\\/senzill-bistro-platos-5006.jpg&quot;}],&quot;background_slideshow_loop&quot;:&quot;yes&quot;,&quot;background_slideshow_slide_duration&quot;:5000,&quot;background_slideshow_slide_transition&quot;:&quot;fade&quot;,&quot;background_slideshow_transition_duration&quot;:500}\">\n\t\t\t\t\t\t\t<div class=\"elementor-background-overlay\"><\/div>\n\t\t\t\t\t\t\t<div class=\"elementor-container elementor-column-gap-default\">\n\t\t\t\t\t<div class=\"elementor-column elementor-col-100 elementor-top-column elementor-element elementor-element-205ce91\" data-id=\"205ce91\" data-element_type=\"column\">\n\t\t\t<div class=\"elementor-widget-wrap\">\n\t\t\t\t\t\t\t\t\t<\/div>\n\t\t<\/div>\n\t\t\t\t\t\t\t<\/div>\n\t\t<\/section>\n\t\t\t\t<section class=\"elementor-section elementor-top-section elementor-element elementor-element-45a7955 elementor-section-height-min-height elementor-section-items-stretch elementor-section-boxed elementor-section-height-default\" data-id=\"45a7955\" data-element_type=\"section\" data-settings=\"{&quot;background_background&quot;:&quot;classic&quot;}\">\n\t\t\t\t\t\t<div class=\"elementor-container elementor-column-gap-wider\">\n\t\t\t\t\t<div class=\"elementor-column elementor-col-100 elementor-top-column elementor-element elementor-element-1a17945\" data-id=\"1a17945\" data-element_type=\"column\">\n\t\t\t<div class=\"elementor-widget-wrap elementor-element-populated\">\n\t\t\t\t\t\t\t\t<div class=\"elementor-element elementor-element-b9f34ba elementor-widget elementor-widget-spacer\" data-id=\"b9f34ba\" data-element_type=\"widget\" data-widget_type=\"spacer.default\">\n\t\t\t\t<div class=\"elementor-widget-container\">\n\t\t\t<style>\/*! elementor - v3.14.0 - 26-06-2023 *\/\n.elementor-column .elementor-spacer-inner{height:var(--spacer-size)}.e-con{--container-widget-width:100%}.e-con-inner>.elementor-widget-spacer,.e-con>.elementor-widget-spacer{width:var(--container-widget-width,var(--spacer-size));--align-self:var(--container-widget-align-self,initial);--flex-shrink:0}.e-con-inner>.elementor-widget-spacer>.elementor-widget-container,.e-con-inner>.elementor-widget-spacer>.elementor-widget-container>.elementor-spacer,.e-con>.elementor-widget-spacer>.elementor-widget-container,.e-con>.elementor-widget-spacer>.elementor-widget-container>.elementor-spacer{height:100%}.e-con-inner>.elementor-widget-spacer>.elementor-widget-container>.elementor-spacer>.elementor-spacer-inner,.e-con>.elementor-widget-spacer>.elementor-widget-container>.elementor-spacer>.elementor-spacer-inner{height:var(--container-widget-height,var(--spacer-size))}<\/style>\t\t<div class=\"elementor-spacer\">\n\t\t\t<div class=\"elementor-spacer-inner\"><\/div>\n\t\t<\/div>\n\t\t\t\t<\/div>\n\t\t\t\t<\/div>\n\t\t\t\t<div class=\"elementor-element elementor-element-04ac1f4 elementor-widget elementor-widget-heading\" data-id=\"04ac1f4\" data-element_type=\"widget\" data-widget_type=\"heading.default\">\n\t\t\t\t<div class=\"elementor-widget-container\">\n\t\t\t<style>\/*! elementor - v3.14.0 - 26-06-2023 *\/\n.elementor-heading-title{padding:0;margin:0;line-height:1}.elementor-widget-heading .elementor-heading-title[class*=elementor-size-]>a{color:inherit;font-size:inherit;line-height:inherit}.elementor-widget-heading .elementor-heading-title.elementor-size-small{font-size:15px}.elementor-widget-heading .elementor-heading-title.elementor-size-medium{font-size:19px}.elementor-widget-heading .elementor-heading-title.elementor-size-large{font-size:29px}.elementor-widget-heading .elementor-heading-title.elementor-size-xl{font-size:39px}.elementor-widget-heading .elementor-heading-title.elementor-size-xxl{font-size:59px}<\/style><div class=\"elementor-heading-title elementor-size-default\">Unsere Vorschlag<\/div>\t\t<\/div>\n\t\t\t\t<\/div>\n\t\t\t\t<div class=\"elementor-element elementor-element-a1ddc23 elementor-widget elementor-widget-text-editor\" data-id=\"a1ddc23\" data-element_type=\"widget\" data-widget_type=\"text-editor.default\">\n\t\t\t\t<div class=\"elementor-widget-container\">\n\t\t\t<style>\/*! elementor - v3.14.0 - 26-06-2023 *\/\n.elementor-widget-text-editor.elementor-drop-cap-view-stacked .elementor-drop-cap{background-color:#69727d;color:#fff}.elementor-widget-text-editor.elementor-drop-cap-view-framed .elementor-drop-cap{color:#69727d;border:3px solid;background-color:transparent}.elementor-widget-text-editor:not(.elementor-drop-cap-view-default) .elementor-drop-cap{margin-top:8px}.elementor-widget-text-editor:not(.elementor-drop-cap-view-default) .elementor-drop-cap-letter{width:1em;height:1em}.elementor-widget-text-editor .elementor-drop-cap{float:left;text-align:center;line-height:1;font-size:50px}.elementor-widget-text-editor .elementor-drop-cap-letter{display:inline-block}<\/style>\t\t\t\t<p>Frisch zubereitete Gerichte mit Fisch direkt vom Fischmarkt, Fleisch aus der Region, vegane Gerichte oder Gerichte mit Gem\u00fcse aus unserem eigenen Garten. Einfache Verfahren, hochwertige lokale Zutaten und eine einzigartige, ruhige Umgebung im Herzen der Natur.<\/p>\t\t\t\t\t\t<\/div>\n\t\t\t\t<\/div>\n\t\t\t\t<div class=\"elementor-element elementor-element-0965098 botonflecha elementor-widget__width-auto elementor-widget elementor-widget-button\" data-id=\"0965098\" data-element_type=\"widget\" data-widget_type=\"button.default\">\n\t\t\t\t<div class=\"elementor-widget-container\">\n\t\t\t\t\t<div class=\"elementor-button-wrapper\">\n\t\t\t<a class=\"elementor-button elementor-button-link elementor-size-md\" href=\"https:\/\/bistrosenzill.com\/menus\/senzill-carta-mediodia.pdf\" target=\"_blank\">\n\t\t\t\t\t\t<span class=\"elementor-button-content-wrapper\">\n\t\t\t\t\t\t<span class=\"elementor-button-icon elementor-align-icon-right\">\n\t\t\t\t<svg xmlns=\"http:\/\/www.w3.org\/2000\/svg\" xmlns:xlink=\"http:\/\/www.w3.org\/1999\/xlink\" id=\"Capa_1\" x=\"0px\" y=\"0px\" viewBox=\"0 0 58 31\" style=\"enable-background:new 0 0 58 31;\" xml:space=\"preserve\"><style type=\"text\/css\">\t.st0{fill:#85754E;}<\/style><g>\t<g>\t\t<g transform=\"translate(-457.000000, -434.000000) translate(167.588008, 434.000000)\">\t\t\t<g>\t\t\t\t<path class=\"st0\" d=\"M327.5,30.2c0-6.3,1.4-10.6,5.9-14.3L290,17.3v-4.5l43.3,1.4c-4.4-3.7-5.9-7.9-5.9-14.3h1.5     c0,8.7,9.6,14.3,18,14.3v1.6c-8.4,0-18,5.6-18,14.3L327.5,30.2z\"><\/path>\t\t\t<\/g>\t\t<\/g>\t<\/g><\/g><\/svg>\t\t\t<\/span>\n\t\t\t\t\t\t<span class=\"elementor-button-text\">MITTAGSMEN\u00dc<\/span>\n\t\t<\/span>\n\t\t\t\t\t<\/a>\n\t\t<\/div>\n\t\t\t\t<\/div>\n\t\t\t\t<\/div>\n\t\t\t\t<div class=\"elementor-element elementor-element-2ede48c botonflecha elementor-widget__width-auto elementor-widget elementor-widget-button\" data-id=\"2ede48c\" data-element_type=\"widget\" data-widget_type=\"button.default\">\n\t\t\t\t<div class=\"elementor-widget-container\">\n\t\t\t\t\t<div class=\"elementor-button-wrapper\">\n\t\t\t<a class=\"elementor-button elementor-button-link elementor-size-md\" href=\"https:\/\/bistrosenzill.com\/menus\/senzill-carta-noche.pdf\" target=\"_blank\">\n\t\t\t\t\t\t<span class=\"elementor-button-content-wrapper\">\n\t\t\t\t\t\t<span class=\"elementor-button-icon elementor-align-icon-right\">\n\t\t\t\t<svg xmlns=\"http:\/\/www.w3.org\/2000\/svg\" xmlns:xlink=\"http:\/\/www.w3.org\/1999\/xlink\" id=\"Capa_1\" x=\"0px\" y=\"0px\" viewBox=\"0 0 58 31\" style=\"enable-background:new 0 0 58 31;\" xml:space=\"preserve\"><style type=\"text\/css\">\t.st0{fill:#85754E;}<\/style><g>\t<g>\t\t<g transform=\"translate(-457.000000, -434.000000) translate(167.588008, 434.000000)\">\t\t\t<g>\t\t\t\t<path class=\"st0\" d=\"M327.5,30.2c0-6.3,1.4-10.6,5.9-14.3L290,17.3v-4.5l43.3,1.4c-4.4-3.7-5.9-7.9-5.9-14.3h1.5     c0,8.7,9.6,14.3,18,14.3v1.6c-8.4,0-18,5.6-18,14.3L327.5,30.2z\"><\/path>\t\t\t<\/g>\t\t<\/g>\t<\/g><\/g><\/svg>\t\t\t<\/span>\n\t\t\t\t\t\t<span class=\"elementor-button-text\">ABENDSMEN\u00dc<\/span>\n\t\t<\/span>\n\t\t\t\t\t<\/a>\n\t\t<\/div>\n\t\t\t\t<\/div>\n\t\t\t\t<\/div>\n\t\t\t\t<div class=\"elementor-element elementor-element-c520cb8 botonflecha elementor-widget__width-auto elementor-widget elementor-widget-button\" data-id=\"c520cb8\" data-element_type=\"widget\" data-widget_type=\"button.default\">\n\t\t\t\t<div class=\"elementor-widget-container\">\n\t\t\t\t\t<div class=\"elementor-button-wrapper\">\n\t\t\t<a class=\"elementor-button elementor-button-link elementor-size-md\" href=\"https:\/\/bistrosenzill.com\/de\/fruhstuck\" target=\"_blank\">\n\t\t\t\t\t\t<span class=\"elementor-button-content-wrapper\">\n\t\t\t\t\t\t<span class=\"elementor-button-icon elementor-align-icon-right\">\n\t\t\t\t<svg xmlns=\"http:\/\/www.w3.org\/2000\/svg\" xmlns:xlink=\"http:\/\/www.w3.org\/1999\/xlink\" id=\"Capa_1\" x=\"0px\" y=\"0px\" viewBox=\"0 0 58 31\" style=\"enable-background:new 0 0 58 31;\" xml:space=\"preserve\"><style type=\"text\/css\">\t.st0{fill:#85754E;}<\/style><g>\t<g>\t\t<g transform=\"translate(-457.000000, -434.000000) translate(167.588008, 434.000000)\">\t\t\t<g>\t\t\t\t<path class=\"st0\" d=\"M327.5,30.2c0-6.3,1.4-10.6,5.9-14.3L290,17.3v-4.5l43.3,1.4c-4.4-3.7-5.9-7.9-5.9-14.3h1.5     c0,8.7,9.6,14.3,18,14.3v1.6c-8.4,0-18,5.6-18,14.3L327.5,30.2z\"><\/path>\t\t\t<\/g>\t\t<\/g>\t<\/g><\/g><\/svg>\t\t\t<\/span>\n\t\t\t\t\t\t<span class=\"elementor-button-text\">FR\u00dcHST\u00dcCK<\/span>\n\t\t<\/span>\n\t\t\t\t\t<\/a>\n\t\t<\/div>\n\t\t\t\t<\/div>\n\t\t\t\t<\/div>\n\t\t\t\t\t<\/div>\n\t\t<\/div>\n\t\t\t\t\t\t\t<\/div>\n\t\t<\/section>\n\t\t\t\t<section class=\"elementor-section elementor-top-section elementor-element elementor-element-5c42423 elementor-section-height-min-height elementor-section-items-stretch elementor-hidden-desktop elementor-hidden-tablet elementor-hidden-mobile elementor-section-boxed elementor-section-height-default\" data-id=\"5c42423\" data-element_type=\"section\" data-settings=\"{&quot;background_background&quot;:&quot;classic&quot;}\">\n\t\t\t\t\t\t<div class=\"elementor-container elementor-column-gap-wider\">\n\t\t\t\t\t<div class=\"elementor-column elementor-col-50 elementor-top-column elementor-element elementor-element-725114f\" data-id=\"725114f\" data-element_type=\"column\">\n\t\t\t<div class=\"elementor-widget-wrap elementor-element-populated\">\n\t\t\t\t\t\t\t\t<div class=\"elementor-element elementor-element-39540c2 elementor-widget elementor-widget-spacer\" data-id=\"39540c2\" data-element_type=\"widget\" data-widget_type=\"spacer.default\">\n\t\t\t\t<div class=\"elementor-widget-container\">\n\t\t\t\t\t<div class=\"elementor-spacer\">\n\t\t\t<div class=\"elementor-spacer-inner\"><\/div>\n\t\t<\/div>\n\t\t\t\t<\/div>\n\t\t\t\t<\/div>\n\t\t\t\t<div class=\"elementor-element elementor-element-77c1827 elementor-widget elementor-widget-heading\" data-id=\"77c1827\" data-element_type=\"widget\" data-widget_type=\"heading.default\">\n\t\t\t\t<div class=\"elementor-widget-container\">\n\t\t\t<div class=\"elementor-heading-title elementor-size-default\">Unsere Vorschlag<\/div>\t\t<\/div>\n\t\t\t\t<\/div>\n\t\t\t\t<div class=\"elementor-element elementor-element-4db0bbc elementor-widget elementor-widget-text-editor\" data-id=\"4db0bbc\" data-element_type=\"widget\" data-widget_type=\"text-editor.default\">\n\t\t\t\t<div class=\"elementor-widget-container\">\n\t\t\t\t\t\t\t<p>Frisch zubereitete Gerichte mit Fisch direkt vom Fischmarkt, Fleisch aus der Region, vegane Gerichte oder Gerichte mit Gem\u00fcse aus unserem eigenen Garten. Einfache Verfahren, hochwertige lokale Zutaten und eine einzigartige, ruhige Umgebung im Herzen der Natur.<\/p>\t\t\t\t\t\t<\/div>\n\t\t\t\t<\/div>\n\t\t\t\t<div class=\"elementor-element elementor-element-8f548c7 botonflecha elementor-widget__width-auto elementor-widget elementor-widget-button\" data-id=\"8f548c7\" data-element_type=\"widget\" data-widget_type=\"button.default\">\n\t\t\t\t<div class=\"elementor-widget-container\">\n\t\t\t\t\t<div class=\"elementor-button-wrapper\">\n\t\t\t<a class=\"elementor-button elementor-button-link elementor-size-md\" href=\"https:\/\/bistrosenzill.com\/wp-content\/uploads\/2024\/03\/senzill-carta-noche.pdf\" target=\"_blank\">\n\t\t\t\t\t\t<span class=\"elementor-button-content-wrapper\">\n\t\t\t\t\t\t<span class=\"elementor-button-icon elementor-align-icon-right\">\n\t\t\t\t<svg xmlns=\"http:\/\/www.w3.org\/2000\/svg\" xmlns:xlink=\"http:\/\/www.w3.org\/1999\/xlink\" id=\"Capa_1\" x=\"0px\" y=\"0px\" viewBox=\"0 0 58 31\" style=\"enable-background:new 0 0 58 31;\" xml:space=\"preserve\"><style type=\"text\/css\">\t.st0{fill:#85754E;}<\/style><g>\t<g>\t\t<g transform=\"translate(-457.000000, -434.000000) translate(167.588008, 434.000000)\">\t\t\t<g>\t\t\t\t<path class=\"st0\" d=\"M327.5,30.2c0-6.3,1.4-10.6,5.9-14.3L290,17.3v-4.5l43.3,1.4c-4.4-3.7-5.9-7.9-5.9-14.3h1.5     c0,8.7,9.6,14.3,18,14.3v1.6c-8.4,0-18,5.6-18,14.3L327.5,30.2z\"><\/path>\t\t\t<\/g>\t\t<\/g>\t<\/g><\/g><\/svg>\t\t\t<\/span>\n\t\t\t\t\t\t<span class=\"elementor-button-text\">SPEISEKARTE<\/span>\n\t\t<\/span>\n\t\t\t\t\t<\/a>\n\t\t<\/div>\n\t\t\t\t<\/div>\n\t\t\t\t<\/div>\n\t\t\t\t<div class=\"elementor-element elementor-element-63ed514 botonflecha elementor-widget__width-auto elementor-widget elementor-widget-button\" data-id=\"63ed514\" data-element_type=\"widget\" data-widget_type=\"button.default\">\n\t\t\t\t<div class=\"elementor-widget-container\">\n\t\t\t\t\t<div class=\"elementor-button-wrapper\">\n\t\t\t<a class=\"elementor-button elementor-button-link elementor-size-md\" href=\"https:\/\/bistrosenzill.com\/de\/fruhstuck\" target=\"_blank\">\n\t\t\t\t\t\t<span class=\"elementor-button-content-wrapper\">\n\t\t\t\t\t\t<span class=\"elementor-button-icon elementor-align-icon-right\">\n\t\t\t\t<svg xmlns=\"http:\/\/www.w3.org\/2000\/svg\" xmlns:xlink=\"http:\/\/www.w3.org\/1999\/xlink\" id=\"Capa_1\" x=\"0px\" y=\"0px\" viewBox=\"0 0 58 31\" style=\"enable-background:new 0 0 58 31;\" xml:space=\"preserve\"><style type=\"text\/css\">\t.st0{fill:#85754E;}<\/style><g>\t<g>\t\t<g transform=\"translate(-457.000000, -434.000000) translate(167.588008, 434.000000)\">\t\t\t<g>\t\t\t\t<path class=\"st0\" d=\"M327.5,30.2c0-6.3,1.4-10.6,5.9-14.3L290,17.3v-4.5l43.3,1.4c-4.4-3.7-5.9-7.9-5.9-14.3h1.5     c0,8.7,9.6,14.3,18,14.3v1.6c-8.4,0-18,5.6-18,14.3L327.5,30.2z\"><\/path>\t\t\t<\/g>\t\t<\/g>\t<\/g><\/g><\/svg>\t\t\t<\/span>\n\t\t\t\t\t\t<span class=\"elementor-button-text\">FR\u00dcHST\u00dcCK<\/span>\n\t\t<\/span>\n\t\t\t\t\t<\/a>\n\t\t<\/div>\n\t\t\t\t<\/div>\n\t\t\t\t<\/div>\n\t\t\t\t\t<\/div>\n\t\t<\/div>\n\t\t\t\t<div class=\"elementor-column elementor-col-50 elementor-top-column elementor-element elementor-element-5bb3f96\" data-id=\"5bb3f96\" data-element_type=\"column\" data-settings=\"{&quot;background_background&quot;:&quot;classic&quot;}\">\n\t\t\t<div class=\"elementor-widget-wrap elementor-element-populated\">\n\t\t\t\t\t<div class=\"elementor-background-overlay\"><\/div>\n\t\t\t\t\t\t\t\t<div class=\"elementor-element elementor-element-cde55be elementor-widget elementor-widget-heading\" data-id=\"cde55be\" data-element_type=\"widget\" data-widget_type=\"heading.default\">\n\t\t\t\t<div class=\"elementor-widget-container\">\n\t\t\t<div class=\"elementor-heading-title elementor-size-default\">Senzill Desgustationsmen\u00fc<\/div>\t\t<\/div>\n\t\t\t\t<\/div>\n\t\t\t\t<div class=\"elementor-element elementor-element-ba73985 elementor-widget elementor-widget-text-editor\" data-id=\"ba73985\" data-element_type=\"widget\" data-widget_type=\"text-editor.default\">\n\t\t\t\t<div class=\"elementor-widget-container\">\n\t\t\t\t\t\t\t<p>Wir bieten auch ein vom Mittelmeer inspiriertes Degustationsmen\u00fc an, das vom Team von Andreu Genestra zubereitet wird und bei dem die Qualit\u00e4t des Produkts stets im Mittelpunkt steht.<\/p><p>Es wechselt t\u00e4glich und besteht aus Produkten aus unserem Gem\u00fcsegarten, vom Fischmarkt und aus der Region. Wir passen es je nach Saison an, damit Sie immer Gerichte aus den frischesten Zutaten aus Mallorca genie\u00dfen k\u00f6nnen.<\/p><p>Es besteht aus: Snacks, Vorspeise, Fisch, Fleisch und Dessert.<br \/>Preis:<strong> 55,00\u20ac<\/strong> (inkl. MwSt)<\/p>\t\t\t\t\t\t<\/div>\n\t\t\t\t<\/div>\n\t\t\t\t\t<\/div>\n\t\t<\/div>\n\t\t\t\t\t\t\t<\/div>\n\t\t<\/section>\n\t\t\t\t<section class=\"elementor-section elementor-top-section elementor-element elementor-element-ff7c295 elementor-hidden-desktop elementor-hidden-tablet elementor-hidden-mobile elementor-section-boxed elementor-section-height-default elementor-section-height-default\" data-id=\"ff7c295\" data-element_type=\"section\" data-settings=\"{&quot;background_background&quot;:&quot;classic&quot;}\">\n\t\t\t\t\t\t\t<div class=\"elementor-background-overlay\"><\/div>\n\t\t\t\t\t\t\t<div class=\"elementor-container elementor-column-gap-default\">\n\t\t\t\t\t<div class=\"elementor-column elementor-col-100 elementor-top-column elementor-element elementor-element-5a34dc8\" data-id=\"5a34dc8\" data-element_type=\"column\">\n\t\t\t<div class=\"elementor-widget-wrap elementor-element-populated\">\n\t\t\t\t\t\t\t\t<div class=\"elementor-element elementor-element-cda8d4d elementor-widget elementor-widget-spacer\" data-id=\"cda8d4d\" data-element_type=\"widget\" data-widget_type=\"spacer.default\">\n\t\t\t\t<div class=\"elementor-widget-container\">\n\t\t\t\t\t<div class=\"elementor-spacer\">\n\t\t\t<div class=\"elementor-spacer-inner\"><\/div>\n\t\t<\/div>\n\t\t\t\t<\/div>\n\t\t\t\t<\/div>\n\t\t\t\t<div class=\"elementor-element elementor-element-d4fbfe8 elementor-widget elementor-widget-heading\" data-id=\"d4fbfe8\" data-element_type=\"widget\" data-widget_type=\"heading.default\">\n\t\t\t\t<div class=\"elementor-widget-container\">\n\t\t\t<div class=\"elementor-heading-title elementor-size-default\">... dienstags Barbecue!<\/div>\t\t<\/div>\n\t\t\t\t<\/div>\n\t\t\t\t<div class=\"elementor-element elementor-element-aad4a56 elementor-widget elementor-widget-text-editor\" data-id=\"aad4a56\" data-element_type=\"widget\" data-widget_type=\"text-editor.default\">\n\t\t\t\t<div class=\"elementor-widget-container\">\n\t\t\t\t\t\t\t<p>Genie\u00dfen Sie unser <strong>\u201eDienstags-nur-Barbecue\u201c<\/strong>, einen besonderen Tag, an dem der mediterrane Geschmack unseres Fleisches, Fischs und Gem\u00fcses durch unsere Grills geht. Reservieren Sie den Tag!<\/p>\t\t\t\t\t\t<\/div>\n\t\t\t\t<\/div>\n\t\t\t\t<div class=\"elementor-element elementor-element-9ac0b9c elementor-widget elementor-widget-spacer\" data-id=\"9ac0b9c\" data-element_type=\"widget\" data-widget_type=\"spacer.default\">\n\t\t\t\t<div class=\"elementor-widget-container\">\n\t\t\t\t\t<div class=\"elementor-spacer\">\n\t\t\t<div class=\"elementor-spacer-inner\"><\/div>\n\t\t<\/div>\n\t\t\t\t<\/div>\n\t\t\t\t<\/div>\n\t\t\t\t\t<\/div>\n\t\t<\/div>\n\t\t\t\t\t\t\t<\/div>\n\t\t<\/section>\n\t\t\t\t\t\t\t<\/div>\n\t\t","protected":false},"excerpt":{"rendered":"<p>Unsere Vorschlag Frisch zubereitete Gerichte mit Fisch direkt vom Fischmarkt, Fleisch aus der Region, vegane Gerichte oder Gerichte mit Gem\u00fcse aus unserem eigenen Garten. Einfache Verfahren, hochwertige lokale Zutaten und eine einzigartige, ruhige Umgebung im Herzen der Natur. MITTAGSMEN\u00dc ABENDSMEN\u00dc FR\u00dcHST\u00dcCK Unsere Vorschlag Frisch zubereitete Gerichte mit Fisch direkt vom Fischmarkt, Fleisch aus der Region, [&hellip;]<\/p>\n","protected":false},"author":1,"featured_media":0,"parent":0,"menu_order":0,"comment_status":"closed","ping_status":"closed","template":"elementor_header_footer","meta":{"footnotes":""},"class_list":["post-4643","page","type-page","status-publish","hentry"],"yoast_head":"<!-- This site is optimized with the Yoast SEO plugin v20.11 - https:\/\/yoast.com\/wordpress\/plugins\/seo\/ -->\n<title>Der Vorschlag von Andreu Genestra | Bistro SENZILL<\/title>\n<meta name=\"robots\" content=\"index, follow, max-snippet:-1, max-image-preview:large, max-video-preview:-1\" \/>\n<link rel=\"canonical\" href=\"https:\/\/bistrosenzill.com\/de\/unsere-vorschlag\/\" \/>\n<meta property=\"og:locale\" content=\"de_DE\" \/>\n<meta property=\"og:type\" content=\"article\" \/>\n<meta property=\"og:title\" content=\"Der Vorschlag von Andreu Genestra | Bistro SENZILL\" \/>\n<meta property=\"og:description\" content=\"Unsere Vorschlag Frisch zubereitete Gerichte mit Fisch direkt vom Fischmarkt, Fleisch aus der Region, vegane Gerichte oder Gerichte mit Gem\u00fcse aus unserem eigenen Garten. Einfache Verfahren, hochwertige lokale Zutaten und eine einzigartige, ruhige Umgebung im Herzen der Natur. MITTAGSMEN\u00dc ABENDSMEN\u00dc FR\u00dcHST\u00dcCK Unsere Vorschlag Frisch zubereitete Gerichte mit Fisch direkt vom Fischmarkt, Fleisch aus der Region, [&hellip;]\" \/>\n<meta property=\"og:url\" content=\"https:\/\/bistrosenzill.com\/de\/unsere-vorschlag\/\" \/>\n<meta property=\"og:site_name\" content=\"Senzill\" \/>\n<meta property=\"article:modified_time\" content=\"2025-08-03T20:45:57+00:00\" \/>\n<meta name=\"twitter:card\" content=\"summary_large_image\" \/>\n<meta name=\"twitter:label1\" content=\"Gesch\u00e4tzte Lesezeit\" \/>\n\t<meta name=\"twitter:data1\" content=\"2\u00a0Minuten\" \/>\n<script type=\"application\/ld+json\" class=\"yoast-schema-graph\">{\"@context\":\"https:\/\/schema.org\",\"@graph\":[{\"@type\":\"WebPage\",\"@id\":\"https:\/\/bistrosenzill.com\/de\/unsere-vorschlag\/\",\"url\":\"https:\/\/bistrosenzill.com\/de\/unsere-vorschlag\/\",\"name\":\"Der Vorschlag von Andreu Genestra | Bistro SENZILL\",\"isPartOf\":{\"@id\":\"https:\/\/bistrosenzill.com\/#website\"},\"datePublished\":\"2023-07-11T06:12:45+00:00\",\"dateModified\":\"2025-08-03T20:45:57+00:00\",\"breadcrumb\":{\"@id\":\"https:\/\/bistrosenzill.com\/de\/unsere-vorschlag\/#breadcrumb\"},\"inLanguage\":\"de\",\"potentialAction\":[{\"@type\":\"ReadAction\",\"target\":[\"https:\/\/bistrosenzill.com\/de\/unsere-vorschlag\/\"]}]},{\"@type\":\"BreadcrumbList\",\"@id\":\"https:\/\/bistrosenzill.com\/de\/unsere-vorschlag\/#breadcrumb\",\"itemListElement\":[{\"@type\":\"ListItem\",\"position\":1,\"name\":\"Portada\",\"item\":\"https:\/\/bistrosenzill.com\/de\/\"},{\"@type\":\"ListItem\",\"position\":2,\"name\":\"Unsere Vorschlag\"}]},{\"@type\":\"WebSite\",\"@id\":\"https:\/\/bistrosenzill.com\/#website\",\"url\":\"https:\/\/bistrosenzill.com\/\",\"name\":\"Senzill\",\"description\":\"Mediterranean Bistro - Mallorca\",\"potentialAction\":[{\"@type\":\"SearchAction\",\"target\":{\"@type\":\"EntryPoint\",\"urlTemplate\":\"https:\/\/bistrosenzill.com\/?s={search_term_string}\"},\"query-input\":\"required name=search_term_string\"}],\"inLanguage\":\"de\"}]}<\/script>\n<!-- \/ Yoast SEO plugin. -->","yoast_head_json":{"title":"Der Vorschlag von Andreu Genestra | Bistro SENZILL","robots":{"index":"index","follow":"follow","max-snippet":"max-snippet:-1","max-image-preview":"max-image-preview:large","max-video-preview":"max-video-preview:-1"},"canonical":"https:\/\/bistrosenzill.com\/de\/unsere-vorschlag\/","og_locale":"de_DE","og_type":"article","og_title":"Der Vorschlag von Andreu Genestra | Bistro SENZILL","og_description":"Unsere Vorschlag Frisch zubereitete Gerichte mit Fisch direkt vom Fischmarkt, Fleisch aus der Region, vegane Gerichte oder Gerichte mit Gem\u00fcse aus unserem eigenen Garten. Einfache Verfahren, hochwertige lokale Zutaten und eine einzigartige, ruhige Umgebung im Herzen der Natur. MITTAGSMEN\u00dc ABENDSMEN\u00dc FR\u00dcHST\u00dcCK Unsere Vorschlag Frisch zubereitete Gerichte mit Fisch direkt vom Fischmarkt, Fleisch aus der Region, [&hellip;]","og_url":"https:\/\/bistrosenzill.com\/de\/unsere-vorschlag\/","og_site_name":"Senzill","article_modified_time":"2025-08-03T20:45:57+00:00","twitter_card":"summary_large_image","twitter_misc":{"Gesch\u00e4tzte Lesezeit":"2\u00a0Minuten"},"schema":{"@context":"https:\/\/schema.org","@graph":[{"@type":"WebPage","@id":"https:\/\/bistrosenzill.com\/de\/unsere-vorschlag\/","url":"https:\/\/bistrosenzill.com\/de\/unsere-vorschlag\/","name":"Der Vorschlag von Andreu Genestra | Bistro SENZILL","isPartOf":{"@id":"https:\/\/bistrosenzill.com\/#website"},"datePublished":"2023-07-11T06:12:45+00:00","dateModified":"2025-08-03T20:45:57+00:00","breadcrumb":{"@id":"https:\/\/bistrosenzill.com\/de\/unsere-vorschlag\/#breadcrumb"},"inLanguage":"de","potentialAction":[{"@type":"ReadAction","target":["https:\/\/bistrosenzill.com\/de\/unsere-vorschlag\/"]}]},{"@type":"BreadcrumbList","@id":"https:\/\/bistrosenzill.com\/de\/unsere-vorschlag\/#breadcrumb","itemListElement":[{"@type":"ListItem","position":1,"name":"Portada","item":"https:\/\/bistrosenzill.com\/de\/"},{"@type":"ListItem","position":2,"name":"Unsere Vorschlag"}]},{"@type":"WebSite","@id":"https:\/\/bistrosenzill.com\/#website","url":"https:\/\/bistrosenzill.com\/","name":"Senzill","description":"Mediterranean Bistro - Mallorca","potentialAction":[{"@type":"SearchAction","target":{"@type":"EntryPoint","urlTemplate":"https:\/\/bistrosenzill.com\/?s={search_term_string}"},"query-input":"required name=search_term_string"}],"inLanguage":"de"}]}},"_links":{"self":[{"href":"https:\/\/bistrosenzill.com\/de\/wp-json\/wp\/v2\/pages\/4643","targetHints":{"allow":["GET"]}}],"collection":[{"href":"https:\/\/bistrosenzill.com\/de\/wp-json\/wp\/v2\/pages"}],"about":[{"href":"https:\/\/bistrosenzill.com\/de\/wp-json\/wp\/v2\/types\/page"}],"author":[{"embeddable":true,"href":"https:\/\/bistrosenzill.com\/de\/wp-json\/wp\/v2\/users\/1"}],"replies":[{"embeddable":true,"href":"https:\/\/bistrosenzill.com\/de\/wp-json\/wp\/v2\/comments?post=4643"}],"version-history":[{"count":41,"href":"https:\/\/bistrosenzill.com\/de\/wp-json\/wp\/v2\/pages\/4643\/revisions"}],"predecessor-version":[{"id":5190,"href":"https:\/\/bistrosenzill.com\/de\/wp-json\/wp\/v2\/pages\/4643\/revisions\/5190"}],"wp:attachment":[{"href":"https:\/\/bistrosenzill.com\/de\/wp-json\/wp\/v2\/media?parent=4643"}],"curies":[{"name":"wp","href":"https:\/\/api.w.org\/{rel}","templated":true}]}}